{"id":4628,"date":"2021-04-15T18:52:55","date_gmt":"2021-04-15T16:52:55","guid":{"rendered":"https:\/\/www.naujaswear.com\/cambi-e-restituzioni\/"},"modified":"2021-04-15T18:52:57","modified_gmt":"2021-04-15T16:52:57","slug":"cambi-e-restituzioni","status":"publish","type":"page","link":"https:\/\/www.naujaswear.com\/it\/cambi-e-restituzioni\/","title":{"rendered":"Cambi e Restituzioni"},"content":{"rendered":"<div class=\"container section-title-container\" ><h3 class=\"section-title section-title-normal\"><b><\/b><span class=\"section-title-main\" >Regole sui cambi e restituzioni<\/span><b><\/b><\/h3><\/div>\n<ol>\n<li>Un prodotto di scarsa qualit\u00e0 \u00e8 un prodotto che non \u00e8 conforme alle caratteristiche specificate nella descrizione del prodotto fornita nell&#8217;e-shop e presenta difetti che rendono impossibile l&#8217;utilizzo del prodotto per lo scopo previsto.<\/li>\n<li>Le merci di qualit\u00e0 insoddisfacente vengono sostituite o restituite in conformit\u00e0 con le &#8220;Regole di restituzione e cambio approvate nel 2001. 29 giugno dall&#8217;Ordine del Ministro dell&#8217;Economia n. 217. &#8220;<\/li>\n<li>\u00c8 possibile sostituire o restituire il prodotto acquistato entro 14 giorni di calendario se acquistato in Lituania o entro 30 giorni di calendario se acquistato nell&#8217;Unione europea e in altri paesi, dalla data di consegna della merce.<\/li>\n<li>L&#8217;articolo da sostituire o restituire deve essere presentato nella confezione originale pulita, integra, non utilizzata e senza perdere il suo aspetto commerciale (etichette integre, pellicola protettiva staccata, ecc.), e nello stesso modo in cui l&#8217;acquirente l&#8217;ha acquistato.<\/li>\n<li>La prova d&#8217;acquisto deve essere fornita quando si cambia o si restituisce l&#8217;articolo.<\/li>\n<li>La merce da cambiare o restituire deve essere consegnata all&#8217;indirizzo specificato dal Venditore.<\/li>\n<li>Il venditore ha il diritto di non accettare la merce sostituita o restituita se presentata usata, priva di etichette o danneggiata o dopo la scadenza del periodo di cambio \/ reso. (art.3 e 4)<\/li>\n<li>Le spese di spedizione per i prodotti da sostituibile o resndere sono a carico dell&#8217;Acquirente. Viene rimborsato solo l&#8217;importo pagato per l&#8217;articolo, non le spese di spedizione.<\/li>\n<\/ol>\n","protected":false},"excerpt":{"rendered":"<p>Un prodotto di scarsa qualit\u00e0 \u00e8 un prodotto che non \u00e8 conforme alle caratteristiche specificate nella descrizione del prodotto fornita nell&#8217;e-shop e presenta difetti che rendono impossibile l&#8217;utilizzo del prodotto per lo scopo previsto. Le merci di qualit\u00e0 insoddisfacente vengono sostituite o restituite in conformit\u00e0 con le &#8220;Regole di restituzione e cambio approvate nel 2001&#8230;.<\/p>\n","protected":false},"author":1,"featured_media":0,"parent":0,"menu_order":0,"comment_status":"closed","ping_status":"closed","template":"","meta":{"footnotes":""},"class_list":["post-4628","page","type-page","status-publish","hentry"],"yoast_head":"<!-- This site is optimized with the Yoast SEO plugin v25.3 - https:\/\/yoast.com\/wordpress\/plugins\/seo\/ -->\n<title>Cambi e Restituzioni - naujaswear.com<\/title>\n<meta name=\"robots\" content=\"index, follow, max-snippet:-1, max-image-preview:large, max-video-preview:-1\" \/>\n<link rel=\"canonical\" href=\"https:\/\/www.naujaswear.com\/it\/cambi-e-restituzioni\/\" \/>\n<meta property=\"og:locale\" content=\"it_IT\" \/>\n<meta property=\"og:type\" content=\"article\" \/>\n<meta property=\"og:title\" content=\"Cambi e Restituzioni - naujaswear.com\" \/>\n<meta property=\"og:description\" content=\"Un prodotto di scarsa qualit\u00e0 \u00e8 un prodotto che non \u00e8 conforme alle caratteristiche specificate nella descrizione del prodotto fornita nell&#8217;e-shop e presenta difetti che rendono impossibile l&#8217;utilizzo del prodotto per lo scopo previsto. Le merci di qualit\u00e0 insoddisfacente vengono sostituite o restituite in conformit\u00e0 con le &#8220;Regole di restituzione e cambio approvate nel 2001....\" \/>\n<meta property=\"og:url\" content=\"https:\/\/www.naujaswear.com\/it\/cambi-e-restituzioni\/\" \/>\n<meta property=\"og:site_name\" content=\"naujaswear.com\" \/>\n<meta property=\"article:modified_time\" content=\"2021-04-15T16:52:57+00:00\" \/>\n<meta name=\"twitter:card\" content=\"summary_large_image\" \/>\n<meta name=\"twitter:label1\" content=\"Tempo di lettura stimato\" \/>\n\t<meta name=\"twitter:data1\" content=\"1 minuto\" \/>\n<script type=\"application\/ld+json\" class=\"yoast-schema-graph\">{\"@context\":\"https:\/\/schema.org\",\"@graph\":[{\"@type\":\"WebPage\",\"@id\":\"https:\/\/www.naujaswear.com\/it\/cambi-e-restituzioni\/\",\"url\":\"https:\/\/www.naujaswear.com\/it\/cambi-e-restituzioni\/\",\"name\":\"Cambi e Restituzioni - naujaswear.com\",\"isPartOf\":{\"@id\":\"https:\/\/www.naujaswear.com\/it\/#website\"},\"datePublished\":\"2021-04-15T16:52:55+00:00\",\"dateModified\":\"2021-04-15T16:52:57+00:00\",\"breadcrumb\":{\"@id\":\"https:\/\/www.naujaswear.com\/it\/cambi-e-restituzioni\/#breadcrumb\"},\"inLanguage\":\"it-IT\",\"potentialAction\":[{\"@type\":\"ReadAction\",\"target\":[\"https:\/\/www.naujaswear.com\/it\/cambi-e-restituzioni\/\"]}]},{\"@type\":\"BreadcrumbList\",\"@id\":\"https:\/\/www.naujaswear.com\/it\/cambi-e-restituzioni\/#breadcrumb\",\"itemListElement\":[{\"@type\":\"ListItem\",\"position\":1,\"name\":\"Home\",\"item\":\"https:\/\/www.naujaswear.com\/it\/\"},{\"@type\":\"ListItem\",\"position\":2,\"name\":\"Cambi e Restituzioni\"}]},{\"@type\":\"WebSite\",\"@id\":\"https:\/\/www.naujaswear.com\/it\/#website\",\"url\":\"https:\/\/www.naujaswear.com\/it\/\",\"name\":\"naujaswear.com\",\"description\":\"\",\"publisher\":{\"@id\":\"https:\/\/www.naujaswear.com\/it\/#organization\"},\"potentialAction\":[{\"@type\":\"SearchAction\",\"target\":{\"@type\":\"EntryPoint\",\"urlTemplate\":\"https:\/\/www.naujaswear.com\/it\/?s={search_term_string}\"},\"query-input\":{\"@type\":\"PropertyValueSpecification\",\"valueRequired\":true,\"valueName\":\"search_term_string\"}}],\"inLanguage\":\"it-IT\"},{\"@type\":\"Organization\",\"@id\":\"https:\/\/www.naujaswear.com\/it\/#organization\",\"name\":\"naujaswear.com\",\"url\":\"https:\/\/www.naujaswear.com\/it\/\",\"logo\":{\"@type\":\"ImageObject\",\"inLanguage\":\"it-IT\",\"@id\":\"https:\/\/www.naujaswear.com\/it\/#\/schema\/logo\/image\/\",\"url\":\"\",\"contentUrl\":\"\",\"caption\":\"naujaswear.com\"},\"image\":{\"@id\":\"https:\/\/www.naujaswear.com\/it\/#\/schema\/logo\/image\/\"}}]}<\/script>\n<!-- \/ Yoast SEO plugin. -->","yoast_head_json":{"title":"Cambi e Restituzioni - naujaswear.com","robots":{"index":"index","follow":"follow","max-snippet":"max-snippet:-1","max-image-preview":"max-image-preview:large","max-video-preview":"max-video-preview:-1"},"canonical":"https:\/\/www.naujaswear.com\/it\/cambi-e-restituzioni\/","og_locale":"it_IT","og_type":"article","og_title":"Cambi e Restituzioni - naujaswear.com","og_description":"Un prodotto di scarsa qualit\u00e0 \u00e8 un prodotto che non \u00e8 conforme alle caratteristiche specificate nella descrizione del prodotto fornita nell&#8217;e-shop e presenta difetti che rendono impossibile l&#8217;utilizzo del prodotto per lo scopo previsto. Le merci di qualit\u00e0 insoddisfacente vengono sostituite o restituite in conformit\u00e0 con le &#8220;Regole di restituzione e cambio approvate nel 2001....","og_url":"https:\/\/www.naujaswear.com\/it\/cambi-e-restituzioni\/","og_site_name":"naujaswear.com","article_modified_time":"2021-04-15T16:52:57+00:00","twitter_card":"summary_large_image","twitter_misc":{"Tempo di lettura stimato":"1 minuto"},"schema":{"@context":"https:\/\/schema.org","@graph":[{"@type":"WebPage","@id":"https:\/\/www.naujaswear.com\/it\/cambi-e-restituzioni\/","url":"https:\/\/www.naujaswear.com\/it\/cambi-e-restituzioni\/","name":"Cambi e Restituzioni - naujaswear.com","isPartOf":{"@id":"https:\/\/www.naujaswear.com\/it\/#website"},"datePublished":"2021-04-15T16:52:55+00:00","dateModified":"2021-04-15T16:52:57+00:00","breadcrumb":{"@id":"https:\/\/www.naujaswear.com\/it\/cambi-e-restituzioni\/#breadcrumb"},"inLanguage":"it-IT","potentialAction":[{"@type":"ReadAction","target":["https:\/\/www.naujaswear.com\/it\/cambi-e-restituzioni\/"]}]},{"@type":"BreadcrumbList","@id":"https:\/\/www.naujaswear.com\/it\/cambi-e-restituzioni\/#breadcrumb","itemListElement":[{"@type":"ListItem","position":1,"name":"Home","item":"https:\/\/www.naujaswear.com\/it\/"},{"@type":"ListItem","position":2,"name":"Cambi e Restituzioni"}]},{"@type":"WebSite","@id":"https:\/\/www.naujaswear.com\/it\/#website","url":"https:\/\/www.naujaswear.com\/it\/","name":"naujaswear.com","description":"","publisher":{"@id":"https:\/\/www.naujaswear.com\/it\/#organization"},"potentialAction":[{"@type":"SearchAction","target":{"@type":"EntryPoint","urlTemplate":"https:\/\/www.naujaswear.com\/it\/?s={search_term_string}"},"query-input":{"@type":"PropertyValueSpecification","valueRequired":true,"valueName":"search_term_string"}}],"inLanguage":"it-IT"},{"@type":"Organization","@id":"https:\/\/www.naujaswear.com\/it\/#organization","name":"naujaswear.com","url":"https:\/\/www.naujaswear.com\/it\/","logo":{"@type":"ImageObject","inLanguage":"it-IT","@id":"https:\/\/www.naujaswear.com\/it\/#\/schema\/logo\/image\/","url":"","contentUrl":"","caption":"naujaswear.com"},"image":{"@id":"https:\/\/www.naujaswear.com\/it\/#\/schema\/logo\/image\/"}}]}},"_links":{"self":[{"href":"https:\/\/www.naujaswear.com\/it\/wp-json\/wp\/v2\/pages\/4628","targetHints":{"allow":["GET"]}}],"collection":[{"href":"https:\/\/www.naujaswear.com\/it\/wp-json\/wp\/v2\/pages"}],"about":[{"href":"https:\/\/www.naujaswear.com\/it\/wp-json\/wp\/v2\/types\/page"}],"author":[{"embeddable":true,"href":"https:\/\/www.naujaswear.com\/it\/wp-json\/wp\/v2\/users\/1"}],"replies":[{"embeddable":true,"href":"https:\/\/www.naujaswear.com\/it\/wp-json\/wp\/v2\/comments?post=4628"}],"version-history":[{"count":0,"href":"https:\/\/www.naujaswear.com\/it\/wp-json\/wp\/v2\/pages\/4628\/revisions"}],"wp:attachment":[{"href":"https:\/\/www.naujaswear.com\/it\/wp-json\/wp\/v2\/media?parent=4628"}],"curies":[{"name":"wp","href":"https:\/\/api.w.org\/{rel}","templated":true}]}}