{"id":4544,"date":"2021-04-02T14:58:58","date_gmt":"2021-04-14T21:01:08","guid":{"rendered":"https:\/\/www.naujaswear.com\/parduotuve\/senza-categoria\/buono-regalo-150-eur\/"},"modified":"2021-04-18T02:15:07","modified_gmt":"2021-04-18T00:15:07","slug":"buono-regalo-150-eur","status":"publish","type":"product","link":"https:\/\/www.naujaswear.com\/it\/negozio\/buoni-regalo\/buono-regalo-150-eur\/","title":{"rendered":"BUONO REGALO 150 EURO"},"content":{"rendered":"<p><strong>FORMATO ELETTRONICO\u00a0 &#8211; <\/strong>Il buono regalo elettronico verr\u00e0 inviato indirizzo e-mail indicato al momento dell&#8217;acquisto.<\/p>\n<p>&nbsp;<\/p>\n<p><b>REGOLE PER L&#8217;UTILIZZO DI UN BUONO REGALO :<\/b><\/p>\n<ul>\n<li>I buoni regalo non sono rimborsabili n\u00e9 incassabili<\/li>\n<li>Il buono regalo \u00e8 valido solo per l&#8217;acquisto di prodotti su www.naujaswear.com<\/li>\n<li>Se l&#8217;importo del buono regalo non \u00e8 sufficiente, la differenza verr\u00e0 pagata al momento dell&#8217;acquisto<\/li>\n<li>Se l&#8217;importo del buono regalo \u00e8 superiore all&#8217;importo totale degli acquisti, la differenza dell&#8217;importo del buono non utilizzato non verr\u00e0 rimborsata<\/li>\n<li>Il buono regalo \u00e8 valido per sei mesi dalla data di acquisto, non rimborsabile dopo la data di scadenza del buono.<\/li>\n<\/ul>\n","protected":false},"excerpt":{"rendered":"<p>FORMATO ELETTRONICO\u00a0 &#8211; Il buono regalo elettronico verr\u00e0 inviato indirizzo e-mail indicato al momento dell&#8217;acquisto. &nbsp; REGOLE PER L&#8217;UTILIZZO DI UN BUONO REGALO : I buoni regalo non sono rimborsabili n\u00e9 incassabili Il buono regalo \u00e8 valido solo per l&#8217;acquisto di prodotti su www.naujaswear.com Se l&#8217;importo del buono regalo non \u00e8 sufficiente, la differenza verr\u00e0&#8230;<\/p>\n","protected":false},"featured_media":4728,"comment_status":"open","ping_status":"closed","template":"","meta":[],"product_brand":[],"product_cat":[125],"product_tag":[],"class_list":{"0":"post-4544","1":"product","2":"type-product","3":"status-publish","4":"has-post-thumbnail","6":"product_cat-buoni-regalo","8":"first","9":"instock","10":"featured","11":"downloadable","12":"virtual","13":"purchasable","14":"product-type-simple"},"yoast_head":"<!-- This site is optimized with the Yoast SEO plugin v25.3 - https:\/\/yoast.com\/wordpress\/plugins\/seo\/ -->\n<title>BUONO REGALO 150 EURO - naujaswear.com<\/title>\n<meta name=\"robots\" content=\"index, follow, max-snippet:-1, max-image-preview:large, max-video-preview:-1\" \/>\n<link rel=\"canonical\" href=\"https:\/\/www.naujaswear.com\/it\/negozio\/buoni-regalo\/buono-regalo-150-eur\/\" \/>\n<meta property=\"og:locale\" content=\"it_IT\" \/>\n<meta property=\"og:type\" content=\"article\" \/>\n<meta property=\"og:title\" content=\"BUONO REGALO 150 EURO - naujaswear.com\" \/>\n<meta property=\"og:description\" content=\"FORMATO ELETTRONICO\u00a0 &#8211; Il buono regalo elettronico verr\u00e0 inviato indirizzo e-mail indicato al momento dell&#8217;acquisto. &nbsp; REGOLE PER L&#8217;UTILIZZO DI UN BUONO REGALO : I buoni regalo non sono rimborsabili n\u00e9 incassabili Il buono regalo \u00e8 valido solo per l&#8217;acquisto di prodotti su www.naujaswear.com Se l&#8217;importo del buono regalo non \u00e8 sufficiente, la differenza verr\u00e0...\" \/>\n<meta property=\"og:url\" content=\"https:\/\/www.naujaswear.com\/it\/negozio\/buoni-regalo\/buono-regalo-150-eur\/\" \/>\n<meta property=\"og:site_name\" content=\"naujaswear.com\" \/>\n<meta property=\"article:modified_time\" content=\"2021-04-18T00:15:07+00:00\" \/>\n<meta property=\"og:image\" content=\"https:\/\/www.naujaswear.com\/wp-content\/uploads\/2021\/04\/gift-euro-150-2.jpg\" \/>\n\t<meta property=\"og:image:width\" content=\"980\" \/>\n\t<meta property=\"og:image:height\" content=\"980\" \/>\n\t<meta property=\"og:image:type\" content=\"image\/jpeg\" \/>\n<meta name=\"twitter:card\" content=\"summary_large_image\" \/>\n<meta name=\"twitter:label1\" content=\"Tempo di lettura stimato\" \/>\n\t<meta name=\"twitter:data1\" content=\"1 minuto\" \/>\n<script type=\"application\/ld+json\" class=\"yoast-schema-graph\">{\"@context\":\"https:\/\/schema.org\",\"@graph\":[{\"@type\":\"WebPage\",\"@id\":\"https:\/\/www.naujaswear.com\/it\/negozio\/buoni-regalo\/buono-regalo-150-eur\/\",\"url\":\"https:\/\/www.naujaswear.com\/it\/negozio\/buoni-regalo\/buono-regalo-150-eur\/\",\"name\":\"BUONO REGALO 150 EURO - naujaswear.com\",\"isPartOf\":{\"@id\":\"https:\/\/www.naujaswear.com\/it\/#website\"},\"primaryImageOfPage\":{\"@id\":\"https:\/\/www.naujaswear.com\/it\/negozio\/buoni-regalo\/buono-regalo-150-eur\/#primaryimage\"},\"image\":{\"@id\":\"https:\/\/www.naujaswear.com\/it\/negozio\/buoni-regalo\/buono-regalo-150-eur\/#primaryimage\"},\"thumbnailUrl\":\"https:\/\/www.naujaswear.com\/wp-content\/uploads\/2021\/04\/gift-euro-150-2.jpg\",\"datePublished\":\"2021-04-14T21:01:08+00:00\",\"dateModified\":\"2021-04-18T00:15:07+00:00\",\"breadcrumb\":{\"@id\":\"https:\/\/www.naujaswear.com\/it\/negozio\/buoni-regalo\/buono-regalo-150-eur\/#breadcrumb\"},\"inLanguage\":\"it-IT\",\"potentialAction\":[{\"@type\":\"ReadAction\",\"target\":[\"https:\/\/www.naujaswear.com\/it\/negozio\/buoni-regalo\/buono-regalo-150-eur\/\"]}]},{\"@type\":\"ImageObject\",\"inLanguage\":\"it-IT\",\"@id\":\"https:\/\/www.naujaswear.com\/it\/negozio\/buoni-regalo\/buono-regalo-150-eur\/#primaryimage\",\"url\":\"https:\/\/www.naujaswear.com\/wp-content\/uploads\/2021\/04\/gift-euro-150-2.jpg\",\"contentUrl\":\"https:\/\/www.naujaswear.com\/wp-content\/uploads\/2021\/04\/gift-euro-150-2.jpg\",\"width\":980,\"height\":980},{\"@type\":\"BreadcrumbList\",\"@id\":\"https:\/\/www.naujaswear.com\/it\/negozio\/buoni-regalo\/buono-regalo-150-eur\/#breadcrumb\",\"itemListElement\":[{\"@type\":\"ListItem\",\"position\":1,\"name\":\"Home\",\"item\":\"https:\/\/www.naujaswear.com\/it\/\"},{\"@type\":\"ListItem\",\"position\":2,\"name\":\"Negozio\",\"item\":\"https:\/\/www.naujaswear.com\/it\/negozio\/\"},{\"@type\":\"ListItem\",\"position\":3,\"name\":\"BUONO REGALO 150 EURO\"}]},{\"@type\":\"WebSite\",\"@id\":\"https:\/\/www.naujaswear.com\/it\/#website\",\"url\":\"https:\/\/www.naujaswear.com\/it\/\",\"name\":\"naujaswear.com\",\"description\":\"\",\"publisher\":{\"@id\":\"https:\/\/www.naujaswear.com\/it\/#organization\"},\"potentialAction\":[{\"@type\":\"SearchAction\",\"target\":{\"@type\":\"EntryPoint\",\"urlTemplate\":\"https:\/\/www.naujaswear.com\/it\/?s={search_term_string}\"},\"query-input\":{\"@type\":\"PropertyValueSpecification\",\"valueRequired\":true,\"valueName\":\"search_term_string\"}}],\"inLanguage\":\"it-IT\"},{\"@type\":\"Organization\",\"@id\":\"https:\/\/www.naujaswear.com\/it\/#organization\",\"name\":\"naujaswear.com\",\"url\":\"https:\/\/www.naujaswear.com\/it\/\",\"logo\":{\"@type\":\"ImageObject\",\"inLanguage\":\"it-IT\",\"@id\":\"https:\/\/www.naujaswear.com\/it\/#\/schema\/logo\/image\/\",\"url\":\"\",\"contentUrl\":\"\",\"caption\":\"naujaswear.com\"},\"image\":{\"@id\":\"https:\/\/www.naujaswear.com\/it\/#\/schema\/logo\/image\/\"}}]}<\/script>\n<!-- \/ Yoast SEO plugin. -->","yoast_head_json":{"title":"BUONO REGALO 150 EURO - naujaswear.com","robots":{"index":"index","follow":"follow","max-snippet":"max-snippet:-1","max-image-preview":"max-image-preview:large","max-video-preview":"max-video-preview:-1"},"canonical":"https:\/\/www.naujaswear.com\/it\/negozio\/buoni-regalo\/buono-regalo-150-eur\/","og_locale":"it_IT","og_type":"article","og_title":"BUONO REGALO 150 EURO - naujaswear.com","og_description":"FORMATO ELETTRONICO\u00a0 &#8211; Il buono regalo elettronico verr\u00e0 inviato indirizzo e-mail indicato al momento dell&#8217;acquisto. &nbsp; REGOLE PER L&#8217;UTILIZZO DI UN BUONO REGALO : I buoni regalo non sono rimborsabili n\u00e9 incassabili Il buono regalo \u00e8 valido solo per l&#8217;acquisto di prodotti su www.naujaswear.com Se l&#8217;importo del buono regalo non \u00e8 sufficiente, la differenza verr\u00e0...","og_url":"https:\/\/www.naujaswear.com\/it\/negozio\/buoni-regalo\/buono-regalo-150-eur\/","og_site_name":"naujaswear.com","article_modified_time":"2021-04-18T00:15:07+00:00","og_image":[{"width":980,"height":980,"url":"https:\/\/www.naujaswear.com\/wp-content\/uploads\/2021\/04\/gift-euro-150-2.jpg","type":"image\/jpeg"}],"twitter_card":"summary_large_image","twitter_misc":{"Tempo di lettura stimato":"1 minuto"},"schema":{"@context":"https:\/\/schema.org","@graph":[{"@type":"WebPage","@id":"https:\/\/www.naujaswear.com\/it\/negozio\/buoni-regalo\/buono-regalo-150-eur\/","url":"https:\/\/www.naujaswear.com\/it\/negozio\/buoni-regalo\/buono-regalo-150-eur\/","name":"BUONO REGALO 150 EURO - naujaswear.com","isPartOf":{"@id":"https:\/\/www.naujaswear.com\/it\/#website"},"primaryImageOfPage":{"@id":"https:\/\/www.naujaswear.com\/it\/negozio\/buoni-regalo\/buono-regalo-150-eur\/#primaryimage"},"image":{"@id":"https:\/\/www.naujaswear.com\/it\/negozio\/buoni-regalo\/buono-regalo-150-eur\/#primaryimage"},"thumbnailUrl":"https:\/\/www.naujaswear.com\/wp-content\/uploads\/2021\/04\/gift-euro-150-2.jpg","datePublished":"2021-04-14T21:01:08+00:00","dateModified":"2021-04-18T00:15:07+00:00","breadcrumb":{"@id":"https:\/\/www.naujaswear.com\/it\/negozio\/buoni-regalo\/buono-regalo-150-eur\/#breadcrumb"},"inLanguage":"it-IT","potentialAction":[{"@type":"ReadAction","target":["https:\/\/www.naujaswear.com\/it\/negozio\/buoni-regalo\/buono-regalo-150-eur\/"]}]},{"@type":"ImageObject","inLanguage":"it-IT","@id":"https:\/\/www.naujaswear.com\/it\/negozio\/buoni-regalo\/buono-regalo-150-eur\/#primaryimage","url":"https:\/\/www.naujaswear.com\/wp-content\/uploads\/2021\/04\/gift-euro-150-2.jpg","contentUrl":"https:\/\/www.naujaswear.com\/wp-content\/uploads\/2021\/04\/gift-euro-150-2.jpg","width":980,"height":980},{"@type":"BreadcrumbList","@id":"https:\/\/www.naujaswear.com\/it\/negozio\/buoni-regalo\/buono-regalo-150-eur\/#breadcrumb","itemListElement":[{"@type":"ListItem","position":1,"name":"Home","item":"https:\/\/www.naujaswear.com\/it\/"},{"@type":"ListItem","position":2,"name":"Negozio","item":"https:\/\/www.naujaswear.com\/it\/negozio\/"},{"@type":"ListItem","position":3,"name":"BUONO REGALO 150 EURO"}]},{"@type":"WebSite","@id":"https:\/\/www.naujaswear.com\/it\/#website","url":"https:\/\/www.naujaswear.com\/it\/","name":"naujaswear.com","description":"","publisher":{"@id":"https:\/\/www.naujaswear.com\/it\/#organization"},"potentialAction":[{"@type":"SearchAction","target":{"@type":"EntryPoint","urlTemplate":"https:\/\/www.naujaswear.com\/it\/?s={search_term_string}"},"query-input":{"@type":"PropertyValueSpecification","valueRequired":true,"valueName":"search_term_string"}}],"inLanguage":"it-IT"},{"@type":"Organization","@id":"https:\/\/www.naujaswear.com\/it\/#organization","name":"naujaswear.com","url":"https:\/\/www.naujaswear.com\/it\/","logo":{"@type":"ImageObject","inLanguage":"it-IT","@id":"https:\/\/www.naujaswear.com\/it\/#\/schema\/logo\/image\/","url":"","contentUrl":"","caption":"naujaswear.com"},"image":{"@id":"https:\/\/www.naujaswear.com\/it\/#\/schema\/logo\/image\/"}}]}},"_links":{"self":[{"href":"https:\/\/www.naujaswear.com\/it\/wp-json\/wp\/v2\/product\/4544","targetHints":{"allow":["GET"]}}],"collection":[{"href":"https:\/\/www.naujaswear.com\/it\/wp-json\/wp\/v2\/product"}],"about":[{"href":"https:\/\/www.naujaswear.com\/it\/wp-json\/wp\/v2\/types\/product"}],"replies":[{"embeddable":true,"href":"https:\/\/www.naujaswear.com\/it\/wp-json\/wp\/v2\/comments?post=4544"}],"wp:featuredmedia":[{"embeddable":true,"href":"https:\/\/www.naujaswear.com\/it\/wp-json\/wp\/v2\/media\/4728"}],"wp:attachment":[{"href":"https:\/\/www.naujaswear.com\/it\/wp-json\/wp\/v2\/media?parent=4544"}],"wp:term":[{"taxonomy":"product_brand","embeddable":true,"href":"https:\/\/www.naujaswear.com\/it\/wp-json\/wp\/v2\/product_brand?post=4544"},{"taxonomy":"product_cat","embeddable":true,"href":"https:\/\/www.naujaswear.com\/it\/wp-json\/wp\/v2\/product_cat?post=4544"},{"taxonomy":"product_tag","embeddable":true,"href":"https:\/\/www.naujaswear.com\/it\/wp-json\/wp\/v2\/product_tag?post=4544"}],"curies":[{"name":"wp","href":"https:\/\/api.w.org\/{rel}","templated":true}]}}