{"id":4708,"date":"2014-08-10T10:06:55","date_gmt":"2014-08-10T08:06:55","guid":{"rendered":"https:\/\/www.naujaswear.com\/parduotuve\/senza-categoria\/eklipse-rosso\/"},"modified":"2026-01-24T17:36:32","modified_gmt":"2026-01-24T15:36:32","slug":"eklipse-rosso","status":"publish","type":"product","link":"https:\/\/www.naujaswear.com\/it\/negozio\/donna\/tute-sportive\/eklipse-rosso\/","title":{"rendered":"EKLIPSE &#8211; ROSSO"},"content":{"rendered":"<p><b>EKLIPSE\u00a0<\/b>Set di tre pezzi per lo sport e tempo libero alla moda. Questa \u00e8 un\u2019ottima scelta per gli amanti delle palestre. Il suo materiale morbido ed elastico senza cuciture si adatter\u00e0 alle diverse forme del corpo e ti aiuter\u00e0 a sentirti a tuo agio e sicuro. La tuta \u00e8 perfetta per la corsa, lo yoga, gli esercizi di stretching, allenamento individuale e di Pilates.<\/p>\n<ul>\n<li>10% spandex, 90% nylon<\/li>\n<li>Materiale elastico senza cuciture<\/li>\n<li>A vita alta<\/li>\n<li>Le imbottiture del reggiseno sono rimovibili<\/li>\n<\/ul>\n<p>&nbsp;<\/p>\n<p>TABELLA DELLE TAGLIE :<\/p>\n<p><img loading=\"lazy\" decoding=\"async\" class=\"alignnone wp-image-4607 size-full\" src=\"https:\/\/www.naujaswear.com\/wp-content\/uploads\/2021\/04\/16-IT.jpg\" alt=\"\" width=\"796\" height=\"169\" srcset=\"https:\/\/www.naujaswear.com\/wp-content\/uploads\/2021\/04\/16-IT.jpg 796w, https:\/\/www.naujaswear.com\/wp-content\/uploads\/2021\/04\/16-IT-768x163.jpg 768w, https:\/\/www.naujaswear.com\/wp-content\/uploads\/2021\/04\/16-IT-510x108.jpg 510w\" sizes=\"auto, (max-width: 796px) 100vw, 796px\" \/><\/p>\n<p>&nbsp;<\/p>\n<p>&nbsp;<\/p>\n<p>Ia modella \u00e8 alta 173 cm e indossa un abito di taglia S.<\/p>\n","protected":false},"excerpt":{"rendered":"<h3 class=\"uppercase\">SET SPORTIVO<\/h3>\n","protected":false},"featured_media":4261,"comment_status":"open","ping_status":"closed","template":"","meta":[],"product_brand":[],"product_cat":[109,110],"product_tag":[],"class_list":{"0":"post-4708","1":"product","2":"type-product","3":"status-publish","4":"has-post-thumbnail","6":"product_cat-donna","7":"product_cat-tute-sportive","9":"first","10":"outofstock","11":"featured","12":"shipping-taxable","13":"purchasable","14":"product-type-variable"},"yoast_head":"<!-- This site is optimized with the Yoast SEO plugin v25.3 - https:\/\/yoast.com\/wordpress\/plugins\/seo\/ -->\n<title>EKLIPSE - ROSSO - naujaswear.com<\/title>\n<meta name=\"robots\" content=\"index, follow, max-snippet:-1, max-image-preview:large, max-video-preview:-1\" \/>\n<link rel=\"canonical\" href=\"https:\/\/www.naujaswear.com\/it\/negozio\/donna\/tute-sportive\/eklipse-rosso\/\" \/>\n<meta property=\"og:locale\" content=\"it_IT\" \/>\n<meta property=\"og:type\" content=\"article\" \/>\n<meta property=\"og:title\" content=\"EKLIPSE - ROSSO - naujaswear.com\" \/>\n<meta property=\"og:description\" content=\"SET SPORTIVO\" \/>\n<meta property=\"og:url\" content=\"https:\/\/www.naujaswear.com\/it\/negozio\/donna\/tute-sportive\/eklipse-rosso\/\" \/>\n<meta property=\"og:site_name\" content=\"naujaswear.com\" \/>\n<meta property=\"article:modified_time\" content=\"2026-01-24T15:36:32+00:00\" \/>\n<meta property=\"og:image\" content=\"https:\/\/www.naujaswear.com\/wp-content\/uploads\/2021\/04\/DSCF8160.jpg\" \/>\n\t<meta property=\"og:image:width\" content=\"1667\" \/>\n\t<meta property=\"og:image:height\" content=\"2500\" \/>\n\t<meta property=\"og:image:type\" content=\"image\/jpeg\" \/>\n<meta name=\"twitter:card\" content=\"summary_large_image\" \/>\n<meta name=\"twitter:label1\" content=\"Tempo di lettura stimato\" \/>\n\t<meta name=\"twitter:data1\" content=\"1 minuto\" \/>\n<script type=\"application\/ld+json\" class=\"yoast-schema-graph\">{\"@context\":\"https:\/\/schema.org\",\"@graph\":[{\"@type\":\"WebPage\",\"@id\":\"https:\/\/www.naujaswear.com\/it\/negozio\/donna\/tute-sportive\/eklipse-rosso\/\",\"url\":\"https:\/\/www.naujaswear.com\/it\/negozio\/donna\/tute-sportive\/eklipse-rosso\/\",\"name\":\"EKLIPSE - ROSSO - naujaswear.com\",\"isPartOf\":{\"@id\":\"https:\/\/www.naujaswear.com\/it\/#website\"},\"primaryImageOfPage\":{\"@id\":\"https:\/\/www.naujaswear.com\/it\/negozio\/donna\/tute-sportive\/eklipse-rosso\/#primaryimage\"},\"image\":{\"@id\":\"https:\/\/www.naujaswear.com\/it\/negozio\/donna\/tute-sportive\/eklipse-rosso\/#primaryimage\"},\"thumbnailUrl\":\"https:\/\/www.naujaswear.com\/wp-content\/uploads\/2021\/04\/DSCF8160.jpg\",\"datePublished\":\"2014-08-10T08:06:55+00:00\",\"dateModified\":\"2026-01-24T15:36:32+00:00\",\"breadcrumb\":{\"@id\":\"https:\/\/www.naujaswear.com\/it\/negozio\/donna\/tute-sportive\/eklipse-rosso\/#breadcrumb\"},\"inLanguage\":\"it-IT\",\"potentialAction\":[{\"@type\":\"ReadAction\",\"target\":[\"https:\/\/www.naujaswear.com\/it\/negozio\/donna\/tute-sportive\/eklipse-rosso\/\"]}]},{\"@type\":\"ImageObject\",\"inLanguage\":\"it-IT\",\"@id\":\"https:\/\/www.naujaswear.com\/it\/negozio\/donna\/tute-sportive\/eklipse-rosso\/#primaryimage\",\"url\":\"https:\/\/www.naujaswear.com\/wp-content\/uploads\/2021\/04\/DSCF8160.jpg\",\"contentUrl\":\"https:\/\/www.naujaswear.com\/wp-content\/uploads\/2021\/04\/DSCF8160.jpg\",\"width\":1667,\"height\":2500},{\"@type\":\"BreadcrumbList\",\"@id\":\"https:\/\/www.naujaswear.com\/it\/negozio\/donna\/tute-sportive\/eklipse-rosso\/#breadcrumb\",\"itemListElement\":[{\"@type\":\"ListItem\",\"position\":1,\"name\":\"Home\",\"item\":\"https:\/\/www.naujaswear.com\/it\/\"},{\"@type\":\"ListItem\",\"position\":2,\"name\":\"Negozio\",\"item\":\"https:\/\/www.naujaswear.com\/it\/negozio\/\"},{\"@type\":\"ListItem\",\"position\":3,\"name\":\"EKLIPSE &#8211; ROSSO\"}]},{\"@type\":\"WebSite\",\"@id\":\"https:\/\/www.naujaswear.com\/it\/#website\",\"url\":\"https:\/\/www.naujaswear.com\/it\/\",\"name\":\"naujaswear.com\",\"description\":\"\",\"publisher\":{\"@id\":\"https:\/\/www.naujaswear.com\/it\/#organization\"},\"potentialAction\":[{\"@type\":\"SearchAction\",\"target\":{\"@type\":\"EntryPoint\",\"urlTemplate\":\"https:\/\/www.naujaswear.com\/it\/?s={search_term_string}\"},\"query-input\":{\"@type\":\"PropertyValueSpecification\",\"valueRequired\":true,\"valueName\":\"search_term_string\"}}],\"inLanguage\":\"it-IT\"},{\"@type\":\"Organization\",\"@id\":\"https:\/\/www.naujaswear.com\/it\/#organization\",\"name\":\"naujaswear.com\",\"url\":\"https:\/\/www.naujaswear.com\/it\/\",\"logo\":{\"@type\":\"ImageObject\",\"inLanguage\":\"it-IT\",\"@id\":\"https:\/\/www.naujaswear.com\/it\/#\/schema\/logo\/image\/\",\"url\":\"\",\"contentUrl\":\"\",\"caption\":\"naujaswear.com\"},\"image\":{\"@id\":\"https:\/\/www.naujaswear.com\/it\/#\/schema\/logo\/image\/\"}}]}<\/script>\n<!-- \/ Yoast SEO plugin. -->","yoast_head_json":{"title":"EKLIPSE - ROSSO - naujaswear.com","robots":{"index":"index","follow":"follow","max-snippet":"max-snippet:-1","max-image-preview":"max-image-preview:large","max-video-preview":"max-video-preview:-1"},"canonical":"https:\/\/www.naujaswear.com\/it\/negozio\/donna\/tute-sportive\/eklipse-rosso\/","og_locale":"it_IT","og_type":"article","og_title":"EKLIPSE - ROSSO - naujaswear.com","og_description":"SET SPORTIVO","og_url":"https:\/\/www.naujaswear.com\/it\/negozio\/donna\/tute-sportive\/eklipse-rosso\/","og_site_name":"naujaswear.com","article_modified_time":"2026-01-24T15:36:32+00:00","og_image":[{"width":1667,"height":2500,"url":"https:\/\/www.naujaswear.com\/wp-content\/uploads\/2021\/04\/DSCF8160.jpg","type":"image\/jpeg"}],"twitter_card":"summary_large_image","twitter_misc":{"Tempo di lettura stimato":"1 minuto"},"schema":{"@context":"https:\/\/schema.org","@graph":[{"@type":"WebPage","@id":"https:\/\/www.naujaswear.com\/it\/negozio\/donna\/tute-sportive\/eklipse-rosso\/","url":"https:\/\/www.naujaswear.com\/it\/negozio\/donna\/tute-sportive\/eklipse-rosso\/","name":"EKLIPSE - ROSSO - naujaswear.com","isPartOf":{"@id":"https:\/\/www.naujaswear.com\/it\/#website"},"primaryImageOfPage":{"@id":"https:\/\/www.naujaswear.com\/it\/negozio\/donna\/tute-sportive\/eklipse-rosso\/#primaryimage"},"image":{"@id":"https:\/\/www.naujaswear.com\/it\/negozio\/donna\/tute-sportive\/eklipse-rosso\/#primaryimage"},"thumbnailUrl":"https:\/\/www.naujaswear.com\/wp-content\/uploads\/2021\/04\/DSCF8160.jpg","datePublished":"2014-08-10T08:06:55+00:00","dateModified":"2026-01-24T15:36:32+00:00","breadcrumb":{"@id":"https:\/\/www.naujaswear.com\/it\/negozio\/donna\/tute-sportive\/eklipse-rosso\/#breadcrumb"},"inLanguage":"it-IT","potentialAction":[{"@type":"ReadAction","target":["https:\/\/www.naujaswear.com\/it\/negozio\/donna\/tute-sportive\/eklipse-rosso\/"]}]},{"@type":"ImageObject","inLanguage":"it-IT","@id":"https:\/\/www.naujaswear.com\/it\/negozio\/donna\/tute-sportive\/eklipse-rosso\/#primaryimage","url":"https:\/\/www.naujaswear.com\/wp-content\/uploads\/2021\/04\/DSCF8160.jpg","contentUrl":"https:\/\/www.naujaswear.com\/wp-content\/uploads\/2021\/04\/DSCF8160.jpg","width":1667,"height":2500},{"@type":"BreadcrumbList","@id":"https:\/\/www.naujaswear.com\/it\/negozio\/donna\/tute-sportive\/eklipse-rosso\/#breadcrumb","itemListElement":[{"@type":"ListItem","position":1,"name":"Home","item":"https:\/\/www.naujaswear.com\/it\/"},{"@type":"ListItem","position":2,"name":"Negozio","item":"https:\/\/www.naujaswear.com\/it\/negozio\/"},{"@type":"ListItem","position":3,"name":"EKLIPSE &#8211; ROSSO"}]},{"@type":"WebSite","@id":"https:\/\/www.naujaswear.com\/it\/#website","url":"https:\/\/www.naujaswear.com\/it\/","name":"naujaswear.com","description":"","publisher":{"@id":"https:\/\/www.naujaswear.com\/it\/#organization"},"potentialAction":[{"@type":"SearchAction","target":{"@type":"EntryPoint","urlTemplate":"https:\/\/www.naujaswear.com\/it\/?s={search_term_string}"},"query-input":{"@type":"PropertyValueSpecification","valueRequired":true,"valueName":"search_term_string"}}],"inLanguage":"it-IT"},{"@type":"Organization","@id":"https:\/\/www.naujaswear.com\/it\/#organization","name":"naujaswear.com","url":"https:\/\/www.naujaswear.com\/it\/","logo":{"@type":"ImageObject","inLanguage":"it-IT","@id":"https:\/\/www.naujaswear.com\/it\/#\/schema\/logo\/image\/","url":"","contentUrl":"","caption":"naujaswear.com"},"image":{"@id":"https:\/\/www.naujaswear.com\/it\/#\/schema\/logo\/image\/"}}]}},"_links":{"self":[{"href":"https:\/\/www.naujaswear.com\/it\/wp-json\/wp\/v2\/product\/4708","targetHints":{"allow":["GET"]}}],"collection":[{"href":"https:\/\/www.naujaswear.com\/it\/wp-json\/wp\/v2\/product"}],"about":[{"href":"https:\/\/www.naujaswear.com\/it\/wp-json\/wp\/v2\/types\/product"}],"replies":[{"embeddable":true,"href":"https:\/\/www.naujaswear.com\/it\/wp-json\/wp\/v2\/comments?post=4708"}],"wp:featuredmedia":[{"embeddable":true,"href":"https:\/\/www.naujaswear.com\/it\/wp-json\/wp\/v2\/media\/4261"}],"wp:attachment":[{"href":"https:\/\/www.naujaswear.com\/it\/wp-json\/wp\/v2\/media?parent=4708"}],"wp:term":[{"taxonomy":"product_brand","embeddable":true,"href":"https:\/\/www.naujaswear.com\/it\/wp-json\/wp\/v2\/product_brand?post=4708"},{"taxonomy":"product_cat","embeddable":true,"href":"https:\/\/www.naujaswear.com\/it\/wp-json\/wp\/v2\/product_cat?post=4708"},{"taxonomy":"product_tag","embeddable":true,"href":"https:\/\/www.naujaswear.com\/it\/wp-json\/wp\/v2\/product_tag?post=4708"}],"curies":[{"name":"wp","href":"https:\/\/api.w.org\/{rel}","templated":true}]}}